{"id":7379,"date":"2025-05-06T11:05:17","date_gmt":"2025-05-06T09:05:17","guid":{"rendered":"https:\/\/www.agence-aonix.fr\/boutique\/?page_id=7379"},"modified":"2025-05-06T12:40:33","modified_gmt":"2025-05-06T10:40:33","slug":"maintenance","status":"publish","type":"page","link":"https:\/\/www.agence-aonix.fr\/boutique\/maintenance\/","title":{"rendered":"Maintenance"},"content":{"rendered":"<p>[vc_row full_width=\u00a0\u00bbstretch_row_content\u00a0\u00bb full_height=\u00a0\u00bbyes\u00a0\u00bb columns_placement=\u00a0\u00bbstretch\u00a0\u00bb content_placement=\u00a0\u00bbmiddle\u00a0\u00bb css=\u00a0\u00bb.vc_custom_1746528030200{background-color: #ff7700 !important;background-position: center !important;background-repeat: no-repeat !important;background-size: cover !important;}\u00a0\u00bb woodmart_box_shadow=\u00a0\u00bbno\u00a0\u00bb wd_z_index=\u00a0\u00bbno\u00a0\u00bb woodmart_css_id=\u00a0\u00bb6819e70c5cb31&Prime; responsive_spacing=\u00a0\u00bbeyJwYXJhbV90eXBlIjoid29vZG1hcnRfcmVzcG9uc2l2ZV9zcGFjaW5nIiwic2VsZWN0b3JfaWQiOiI2ODE5ZTcwYzVjYjMxIiwic2hvcnRjb2RlIjoidmNfcm93IiwiZGF0YSI6eyJ0YWJsZXQiOnt9LCJtb2JpbGUiOnt9fX0=\u00a0\u00bb mobile_bg_img_hidden=\u00a0\u00bbno\u00a0\u00bb tablet_bg_img_hidden=\u00a0\u00bbno\u00a0\u00bb woodmart_parallax=\u00a0\u00bb0&Prime; woodmart_gradient_switch=\u00a0\u00bbno\u00a0\u00bb row_reverse_mobile=\u00a0\u00bb0&Prime; row_reverse_tablet=\u00a0\u00bb0&Prime; woodmart_disable_overflow=\u00a0\u00bb0&Prime;][vc_column width=\u00a0\u00bb2\/3&Prime; css=\u00a0\u00bb.vc_custom_1632842862927{padding-top: 30px !important;padding-right: 30px !important;padding-bottom: 30px !important;padding-left: 30px !important;background-color: rgba(0,0,0,0.2) !important;*background-color: rgb(0,0,0) !important;}\u00a0\u00bb offset=\u00a0\u00bbvc_col-lg-offset-1 vc_col-lg-4 vc_col-md-offset-1 vc_col-md-5 vc_col-sm-offset-2 vc_col-xs-12&Prime; woodmart_box_shadow=\u00a0\u00bbno\u00a0\u00bb wd_z_index=\u00a0\u00bbno\u00a0\u00bb woodmart_css_id=\u00a0\u00bb6153346b47007&Prime; responsive_spacing=\u00a0\u00bbeyJwYXJhbV90eXBlIjoid29vZG1hcnRfcmVzcG9uc2l2ZV9zcGFjaW5nIiwic2VsZWN0b3JfaWQiOiI2MTUzMzQ2YjQ3MDA3Iiwic2hvcnRjb2RlIjoidmNfY29sdW1uIiwiZGF0YSI6eyJ0YWJsZXQiOnt9LCJtb2JpbGUiOnt9fX0=\u00a0\u00bb parallax_scroll=\u00a0\u00bbno\u00a0\u00bb mobile_bg_img_hidden=\u00a0\u00bbno\u00a0\u00bb tablet_bg_img_hidden=\u00a0\u00bbno\u00a0\u00bb woodmart_parallax=\u00a0\u00bb0&Prime; woodmart_sticky_column=\u00a0\u00bbfalse\u00a0\u00bb mobile_reset_margin=\u00a0\u00bbno\u00a0\u00bb tablet_reset_margin=\u00a0\u00bbno\u00a0\u00bb]\t\t<div id=\"wd-6819d17e7cfa7\" class=\"wd-image wd-wpb wd-rs-6819d17e7cfa7 text-center vc_custom_1746522499652\">\n\t\t\t\n\t\t\t<img loading=\"lazy\" decoding=\"async\" width=\"292\" height=\"180\" src=\"https:\/\/www.agence-aonix.fr\/boutique\/wp-content\/uploads\/2021\/11\/logo-aonix-blanc.png\" class=\"attachment-medium size-medium\" alt=\"\" srcset=\"https:\/\/www.agence-aonix.fr\/boutique\/wp-content\/uploads\/2021\/11\/logo-aonix-blanc.png 292w, https:\/\/www.agence-aonix.fr\/boutique\/wp-content\/uploads\/2021\/11\/logo-aonix-blanc-150x92.png 150w\" sizes=\"auto, (max-width: 292px) 100vw, 292px\" \/>\n\t\t\t\t\t<\/div>\n\t\t\n\t\t<div id=\"wd-6819e60029f83\" class=\"title-wrapper wd-wpb wd-set-mb reset-last-child  wd-rs-6819e60029f83 wd-title-color-white wd-title-style-default text-center  wd-width-enabled wd-underline-colored\" style=\"--wd-max-width: 90%;\">\n\t\t\t\n\t\t\t<div class=\"liner-continer\">\n\t\t\t\t<h4 class=\"woodmart-title-container title  wd-font-weight- wd-fontsize-xxxl\" >MERCI<\/h4>\n\t\t\t\t\t\t\t<\/div>\n\t\t\t\n\t\t\t\t\t\t\t<div class=\"title-after_title reset-last-child  wd-fontsize-s\">Nous vous informons que nous cessons notre activit\u00e9 de personnalisation d\u2019objets et textiles \u00e0 destination des particuliers.<br \/>\nUn immense merci \u00e0 tous nos clients et partenaires qui nous ont fait confiance tout au long de cette belle aventure.<\/p>\n<p>L\u2019agence de communication Aonix poursuit quant \u00e0 elle pleinement son activit\u00e9 et reste \u00e0 vos c\u00f4t\u00e9s pour vous accompagner dans la cr\u00e9ation et la mise en place de <b>vos strat\u00e9gies de communication<\/b> et de <b>d\u00e9veloppement<\/b>.<\/p>\n<p>Merci pour votre fid\u00e9lit\u00e9 et \u00e0 tr\u00e8s bient\u00f4t pour de nouveaux projets !<\/p>\n<p>L'\u00e9quipe Aonix<\/div>\n\t\t\t\n\t\t\t\n\t\t<\/div>\n\t\t\n\t\t[vc_empty_space height=\u00a0\u00bb25px\u00a0\u00bb]\t\t\t<div id=\"\" class=\" wd-rs-6819d2a1502df wd-social-icons  wd-style-bordered wd-size-default social-follow wd-shape-circle color-scheme-light text-center\">\n\t\t\t\t\n\t\t\t\t\n\t\t\t\t\t\t\t\t\t<a rel=\"noopener noreferrer nofollow\" href=\"https:\/\/www.facebook.com\/agence.aonix\/\" target=\"_blank\" class=\" wd-social-icon social-facebook\" aria-label=\"Lien social Facebook\">\n\t\t\t\t\t\t<span class=\"wd-icon\"><\/span>\n\t\t\t\t\t\t\t\t\t\t\t<\/a>\n\t\t\t\t\n\t\t\t\t\n\t\t\t\t\n\t\t\t\t\t\t\t\t\t<a rel=\"noopener noreferrer nofollow\" href=\"https:\/\/www.instagram.com\/agence.aonix\/\" target=\"_blank\" class=\" wd-social-icon social-instagram\" aria-label=\"Lien social instagram\">\n\t\t\t\t\t\t<span class=\"wd-icon\"><\/span>\n\t\t\t\t\t\t\t\t\t\t\t<\/a>\n\t\t\t\t\n\t\t\t\t\n\t\t\t\t\n\t\t\t\t\n\t\t\t\t\n\t\t\t\t\n\t\t\t\t\n\t\t\t\t\n\t\t\t\t\n\t\t\t\t\n\t\t\t\t\n\t\t\t\t\n\t\t\t\t\n\t\t\t\t\n\t\t\t\t\n\t\t\t\t\n\t\t\t\t\n\t\t\t\t\n\t\t\t\t\n\t\t\t\t\n\t\t\t\t\n\t\t\t\t\n\t\t\t<\/div>\n\n\t\t[\/vc_column][\/vc_row]<\/p>\n","protected":false},"excerpt":{"rendered":"<p>[vc_row full_width=\u00a0\u00bbstretch_row_content\u00a0\u00bb full_height=\u00a0\u00bbyes\u00a0\u00bb columns_placement=\u00a0\u00bbstretch\u00a0\u00bb content_placement=\u00a0\u00bbmiddle\u00a0\u00bb css=\u00a0\u00bb.vc_custom_1746528030200{background-color: #ff7700 !important;background-position: center !important;background-repeat: no-repeat !important;background-size: cover !important;}\u00a0\u00bb woodmart_box_shadow=\u00a0\u00bbno\u00a0\u00bb wd_z_index=\u00a0\u00bbno\u00a0\u00bb woodmart_css_id=\u00a0\u00bb6819e70c5cb31&Prime; responsive_spacing=\u00a0\u00bbeyJwYXJhbV90eXBlIjoid29vZG1hcnRfcmVzcG9uc2l2ZV9zcGFjaW5nIiwic2VsZWN0b3JfaWQiOiI2ODE5ZTcwYzVjYjMxIiwic2hvcnRjb2RlIjoidmNfcm93IiwiZGF0YSI6eyJ0YWJsZXQiOnt9LCJtb2JpbGUiOnt9fX0=\u00a0\u00bb mobile_bg_img_hidden=\u00a0\u00bbno\u00a0\u00bb tablet_bg_img_hidden=\u00a0\u00bbno\u00a0\u00bb<\/p>\n","protected":false},"author":1,"featured_media":0,"parent":0,"menu_order":0,"comment_status":"closed","ping_status":"closed","template":"maintenance.php","meta":{"footnotes":""},"class_list":["post-7379","page","type-page","status-publish","hentry"],"aioseo_notices":[],"_links":{"self":[{"href":"https:\/\/www.agence-aonix.fr\/boutique\/wp-json\/wp\/v2\/pages\/7379","targetHints":{"allow":["GET"]}}],"collection":[{"href":"https:\/\/www.agence-aonix.fr\/boutique\/wp-json\/wp\/v2\/pages"}],"about":[{"href":"https:\/\/www.agence-aonix.fr\/boutique\/wp-json\/wp\/v2\/types\/page"}],"author":[{"embeddable":true,"href":"https:\/\/www.agence-aonix.fr\/boutique\/wp-json\/wp\/v2\/users\/1"}],"replies":[{"embeddable":true,"href":"https:\/\/www.agence-aonix.fr\/boutique\/wp-json\/wp\/v2\/comments?post=7379"}],"version-history":[{"count":8,"href":"https:\/\/www.agence-aonix.fr\/boutique\/wp-json\/wp\/v2\/pages\/7379\/revisions"}],"predecessor-version":[{"id":7389,"href":"https:\/\/www.agence-aonix.fr\/boutique\/wp-json\/wp\/v2\/pages\/7379\/revisions\/7389"}],"wp:attachment":[{"href":"https:\/\/www.agence-aonix.fr\/boutique\/wp-json\/wp\/v2\/media?parent=7379"}],"curies":[{"name":"wp","href":"https:\/\/api.w.org\/{rel}","templated":true}]}}